{"id":18644,"date":"2022-02-03T10:00:54","date_gmt":"2022-02-03T10:00:54","guid":{"rendered":"http:\/\/coltec2.wearemateria.com\/?page_id=18644"},"modified":"2023-03-16T12:29:20","modified_gmt":"2023-03-16T12:29:20","slug":"privacy-policy","status":"publish","type":"page","link":"https:\/\/coltec.pt\/pt\/politica-privacidade\/","title":{"rendered":"Pol\u00edtica de Privacidade"},"content":{"rendered":"<div data-elementor-type=\"wp-page\" data-elementor-id=\"18644\" class=\"elementor elementor-18644\">\n\t\t\t\t\t\t<div class=\"elementor-inner\">\n\t\t\t\t<div class=\"elementor-section-wrap\">\n\t\t\t\t\t\t\t\t\t<section class=\"elementor-section elementor-top-section elementor-element elementor-element-9c6f554 elementor-section-boxed elementor-section-height-default elementor-section-height-default sc_fly_static\" data-id=\"9c6f554\" data-element_type=\"section\">\n\t\t\t\t\t\t<div class=\"elementor-container elementor-column-gap-extended\">\n\t\t\t\t\t\t\t<div class=\"elementor-row\">\n\t\t\t\t\t<div class=\"elementor-column elementor-col-100 elementor-top-column elementor-element elementor-element-90552a7 sc_inner_width_none sc_content_align_inherit sc_layouts_column_icons_position_left sc_fly_static\" data-id=\"90552a7\" data-element_type=\"column\">\n\t\t\t<div class=\"elementor-column-wrap elementor-element-populated\">\n\t\t\t\t\t\t\t<div class=\"elementor-widget-wrap\">\n\t\t\t\t\t\t<div class=\"elementor-element elementor-element-16abe43 sc_fly_static elementor-widget elementor-widget-heading\" data-id=\"16abe43\" data-element_type=\"widget\" data-widget_type=\"heading.default\">\n\t\t\t\t<div class=\"elementor-widget-container\">\n\t\t\t<h2 class=\"elementor-heading-title elementor-size-default\">Pol\u00edtica de Privacidade<\/h2>\t\t<\/div>\n\t\t\t\t<\/div>\n\t\t\t\t\t\t<\/div>\n\t\t\t\t\t<\/div>\n\t\t<\/div>\n\t\t\t\t\t\t\t\t<\/div>\n\t\t\t\t\t<\/div>\n\t\t<\/section>\n\t\t\t\t<section class=\"elementor-section elementor-top-section elementor-element elementor-element-2bb6cf7 elementor-section-boxed elementor-section-height-default elementor-section-height-default sc_fly_static\" data-id=\"2bb6cf7\" data-element_type=\"section\">\n\t\t\t\t\t\t<div class=\"elementor-container elementor-column-gap-extended\">\n\t\t\t\t\t\t\t<div class=\"elementor-row\">\n\t\t\t\t\t<div class=\"elementor-column elementor-col-100 elementor-top-column elementor-element elementor-element-82c1c45 sc_inner_width_none sc_content_align_inherit sc_layouts_column_icons_position_left sc_fly_static\" data-id=\"82c1c45\" data-element_type=\"column\">\n\t\t\t<div class=\"elementor-column-wrap elementor-element-populated\">\n\t\t\t\t\t\t\t<div class=\"elementor-widget-wrap\">\n\t\t\t\t\t\t<div class=\"elementor-element elementor-element-2a27b50 sc_fly_static elementor-widget elementor-widget-spacer\" data-id=\"2a27b50\" data-element_type=\"widget\" data-widget_type=\"spacer.default\">\n\t\t\t\t<div class=\"elementor-widget-container\">\n\t\t\t\t\t<div class=\"elementor-spacer\">\n\t\t\t<div class=\"elementor-spacer-inner\"><\/div>\n\t\t<\/div>\n\t\t\t\t<\/div>\n\t\t\t\t<\/div>\n\t\t\t\t\t\t<\/div>\n\t\t\t\t\t<\/div>\n\t\t<\/div>\n\t\t\t\t\t\t\t\t<\/div>\n\t\t\t\t\t<\/div>\n\t\t<\/section>\n\t\t\t\t<section class=\"elementor-section elementor-top-section elementor-element elementor-element-e68158f elementor-section-boxed elementor-section-height-default elementor-section-height-default sc_fly_static\" data-id=\"e68158f\" data-element_type=\"section\" data-settings=\"{&quot;background_background&quot;:&quot;classic&quot;}\">\n\t\t\t\t\t\t<div class=\"elementor-container elementor-column-gap-extended\">\n\t\t\t\t\t\t\t<div class=\"elementor-row\">\n\t\t\t\t\t<div class=\"elementor-column elementor-col-100 elementor-top-column elementor-element elementor-element-6444f4a sc_inner_width_none sc_content_align_inherit sc_layouts_column_icons_position_left sc_fly_static\" data-id=\"6444f4a\" data-element_type=\"column\">\n\t\t\t<div class=\"elementor-column-wrap elementor-element-populated\">\n\t\t\t\t\t\t\t<div class=\"elementor-widget-wrap\">\n\t\t\t\t\t\t<div class=\"elementor-element elementor-element-e265e8c sc_fly_static elementor-widget elementor-widget-text-editor\" data-id=\"e265e8c\" data-element_type=\"widget\" data-widget_type=\"text-editor.default\">\n\t\t\t\t<div class=\"elementor-widget-container\">\n\t\t\t\t\t\t\t\t<div class=\"elementor-text-editor elementor-clearfix\">\n\t\t\t\t<h5>1. Introdu\u00e7\u00e3o<\/h5><p>O objetivo deste site \u00e9 fornecer informa\u00e7\u00f5es sobre a Coltec, os nossos produtos e atividades. Este website \u00e9 propriedade da Coltec, com sede na Rua de Santo Amaro, n\u00ba1079 Guimar\u00e3es, Braga 4835-209, Portugal.<\/p>\t\t\t\t\t<\/div>\n\t\t\t\t\t\t<\/div>\n\t\t\t\t<\/div>\n\t\t\t\t\t\t<\/div>\n\t\t\t\t\t<\/div>\n\t\t<\/div>\n\t\t\t\t\t\t\t\t<\/div>\n\t\t\t\t\t<\/div>\n\t\t<\/section>\n\t\t\t\t<section class=\"elementor-section elementor-top-section elementor-element elementor-element-7f3c8ca elementor-section-boxed elementor-section-height-default elementor-section-height-default sc_fly_static\" data-id=\"7f3c8ca\" data-element_type=\"section\">\n\t\t\t\t\t\t<div class=\"elementor-container elementor-column-gap-extended\">\n\t\t\t\t\t\t\t<div class=\"elementor-row\">\n\t\t\t\t\t<div class=\"elementor-column elementor-col-100 elementor-top-column elementor-element elementor-element-cad8d6f sc_inner_width_none sc_content_align_inherit sc_layouts_column_icons_position_left sc_fly_static\" data-id=\"cad8d6f\" data-element_type=\"column\">\n\t\t\t<div class=\"elementor-column-wrap elementor-element-populated\">\n\t\t\t\t\t\t\t<div class=\"elementor-widget-wrap\">\n\t\t\t\t\t\t<div class=\"elementor-element elementor-element-f22d4e8 sc_fly_static elementor-widget elementor-widget-spacer\" data-id=\"f22d4e8\" data-element_type=\"widget\" data-widget_type=\"spacer.default\">\n\t\t\t\t<div class=\"elementor-widget-container\">\n\t\t\t\t\t<div class=\"elementor-spacer\">\n\t\t\t<div class=\"elementor-spacer-inner\"><\/div>\n\t\t<\/div>\n\t\t\t\t<\/div>\n\t\t\t\t<\/div>\n\t\t\t\t\t\t<\/div>\n\t\t\t\t\t<\/div>\n\t\t<\/div>\n\t\t\t\t\t\t\t\t<\/div>\n\t\t\t\t\t<\/div>\n\t\t<\/section>\n\t\t\t\t<section class=\"elementor-section elementor-top-section elementor-element elementor-element-e6cb826 elementor-section-boxed elementor-section-height-default elementor-section-height-default sc_fly_static\" data-id=\"e6cb826\" data-element_type=\"section\" data-settings=\"{&quot;background_background&quot;:&quot;classic&quot;}\">\n\t\t\t\t\t\t<div class=\"elementor-container elementor-column-gap-extended\">\n\t\t\t\t\t\t\t<div class=\"elementor-row\">\n\t\t\t\t\t<div class=\"elementor-column elementor-col-100 elementor-top-column elementor-element elementor-element-ed77525 sc_inner_width_none sc_content_align_inherit sc_layouts_column_icons_position_left sc_fly_static\" data-id=\"ed77525\" data-element_type=\"column\">\n\t\t\t<div class=\"elementor-column-wrap elementor-element-populated\">\n\t\t\t\t\t\t\t<div class=\"elementor-widget-wrap\">\n\t\t\t\t\t\t<div class=\"elementor-element elementor-element-fc6b5fe sc_fly_static elementor-widget elementor-widget-text-editor\" data-id=\"fc6b5fe\" data-element_type=\"widget\" data-widget_type=\"text-editor.default\">\n\t\t\t\t<div class=\"elementor-widget-container\">\n\t\t\t\t\t\t\t\t<div class=\"elementor-text-editor elementor-clearfix\">\n\t\t\t\t<h5>2. Cookies<\/h5><p>Cookies s\u00e3o pequenos arquivos de dados que s\u00e3o transferidos do site coltec.pt para o disco r\u00edgido do seu computador. Os cookies descarregados de coltec.pt s\u00e3o seguros, n\u00e3o cont\u00eam v\u00edrus inform\u00e1ticos e n\u00e3o podem ser utilizados para transmitir ou armazenar informa\u00e7\u00f5es pessoais. Os cookies s\u00e3o geralmente classificados como \u201csess\u00e3o\u201d ou \u201cpermanentes\u201d.<\/p><p>Cookies de sess\u00e3o: eles n\u00e3o permanecem no seu computador quando sai do site ou fecha o navegador. A informa\u00e7\u00e3o recolhida permite \u00e0 Coltec analisar padr\u00f5es de tr\u00e1fego em coltec.pt. Com o tempo, podemos proporcionar aos visitantes uma melhor experi\u00eancia no site, aprimorando continuamente o conte\u00fado, fazendo ajustes e facilitando o uso.<\/p><p>Cookies permanentes: permanecem no seu computador quando sai do site coltec.pt. A Coltec usa este tipo de cookies para analisar se os visitantes retornam. Desta forma podemos saber se o site \u00e9 \u00fatil, interessante e valioso para o visitante.<\/p><p>\u00c9 poss\u00edvel n\u00e3o aceitar cookies no seu computador selecionando a configura\u00e7\u00e3o correspondente em seu navegador. Veja como pode fazer isso nos tr\u00eas navegadores mais usados:<\/p><p>Microsoft Internet Explorer<br \/>Mozilla Firefox<br \/>Google Chrome<br \/>Devemos acrescentar que se n\u00e3o aceitar cookies \u00e9 poss\u00edvel que n\u00e3o consiga utilizar todas as funcionalidades do site coltec.pt.<\/p>\t\t\t\t\t<\/div>\n\t\t\t\t\t\t<\/div>\n\t\t\t\t<\/div>\n\t\t\t\t\t\t<\/div>\n\t\t\t\t\t<\/div>\n\t\t<\/div>\n\t\t\t\t\t\t\t\t<\/div>\n\t\t\t\t\t<\/div>\n\t\t<\/section>\n\t\t\t\t<section class=\"elementor-section elementor-top-section elementor-element elementor-element-f0b993d elementor-section-boxed elementor-section-height-default elementor-section-height-default sc_fly_static\" data-id=\"f0b993d\" data-element_type=\"section\">\n\t\t\t\t\t\t<div class=\"elementor-container elementor-column-gap-extended\">\n\t\t\t\t\t\t\t<div class=\"elementor-row\">\n\t\t\t\t\t<div class=\"elementor-column elementor-col-100 elementor-top-column elementor-element elementor-element-2726e66 sc_inner_width_none sc_content_align_inherit sc_layouts_column_icons_position_left sc_fly_static\" data-id=\"2726e66\" data-element_type=\"column\">\n\t\t\t<div class=\"elementor-column-wrap elementor-element-populated\">\n\t\t\t\t\t\t\t<div class=\"elementor-widget-wrap\">\n\t\t\t\t\t\t<div class=\"elementor-element elementor-element-650da16 sc_fly_static elementor-widget elementor-widget-spacer\" data-id=\"650da16\" data-element_type=\"widget\" data-widget_type=\"spacer.default\">\n\t\t\t\t<div class=\"elementor-widget-container\">\n\t\t\t\t\t<div class=\"elementor-spacer\">\n\t\t\t<div class=\"elementor-spacer-inner\"><\/div>\n\t\t<\/div>\n\t\t\t\t<\/div>\n\t\t\t\t<\/div>\n\t\t\t\t\t\t<\/div>\n\t\t\t\t\t<\/div>\n\t\t<\/div>\n\t\t\t\t\t\t\t\t<\/div>\n\t\t\t\t\t<\/div>\n\t\t<\/section>\n\t\t\t\t<section class=\"elementor-section elementor-top-section elementor-element elementor-element-be7b238 elementor-section-boxed elementor-section-height-default elementor-section-height-default sc_fly_static\" data-id=\"be7b238\" data-element_type=\"section\" data-settings=\"{&quot;background_background&quot;:&quot;classic&quot;}\">\n\t\t\t\t\t\t<div class=\"elementor-container elementor-column-gap-extended\">\n\t\t\t\t\t\t\t<div class=\"elementor-row\">\n\t\t\t\t\t<div class=\"elementor-column elementor-col-100 elementor-top-column elementor-element elementor-element-7c08b7b sc_inner_width_none sc_content_align_inherit sc_layouts_column_icons_position_left sc_fly_static\" data-id=\"7c08b7b\" data-element_type=\"column\">\n\t\t\t<div class=\"elementor-column-wrap elementor-element-populated\">\n\t\t\t\t\t\t\t<div class=\"elementor-widget-wrap\">\n\t\t\t\t\t\t<div class=\"elementor-element elementor-element-0e365d9 sc_fly_static elementor-widget elementor-widget-text-editor\" data-id=\"0e365d9\" data-element_type=\"widget\" data-widget_type=\"text-editor.default\">\n\t\t\t\t<div class=\"elementor-widget-container\">\n\t\t\t\t\t\t\t\t<div class=\"elementor-text-editor elementor-clearfix\">\n\t\t\t\t<h5>3. Google Analytics<\/h5><p>O site coltec.pt utiliza o Google Analytics, uma ferramenta de an\u00e1lise de sites desenvolvida pela Google, Inc. (Google). O Google Analytics usa cookies (veja abaixo) para melhorar o site e otimizar a experi\u00eancia do usu\u00e1rio, garantindo que o conte\u00fado seja relevante e acess\u00edvel. Para o efeito, registamos a sua visita quando visita o site coltec.pt para conhecer os servi\u00e7os. Os dados recolhidos pelos cookies referentes \u00e0 sua utiliza\u00e7\u00e3o do website (dados de tr\u00e1fego, incluindo o seu endere\u00e7o IP) s\u00e3o utilizados apenas para fins estat\u00edsticos e a n\u00edvel global, sendo armazenados nos servidores da Google localizados nos EUA.<\/p><p>A Google utiliza os dados recolhidos para avaliar a utiliza\u00e7\u00e3o do coltec.pt e elaborar relat\u00f3rios sobre o funcionamento do website, oferecendo ainda outros servi\u00e7os relacionados com a utiliza\u00e7\u00e3o do website e internet. O Google tamb\u00e9m pode transferir informa\u00e7\u00f5es para terceiros se exigido por lei ou se o terceiro processar as informa\u00e7\u00f5es em nome do Google. Se quiser informa\u00e7\u00f5es mais detalhadas sobre como o Google lida com os dados coletados, consulte a Pol\u00edtica de Privacidade do Google.<\/p>\t\t\t\t\t<\/div>\n\t\t\t\t\t\t<\/div>\n\t\t\t\t<\/div>\n\t\t\t\t\t\t<\/div>\n\t\t\t\t\t<\/div>\n\t\t<\/div>\n\t\t\t\t\t\t\t\t<\/div>\n\t\t\t\t\t<\/div>\n\t\t<\/section>\n\t\t\t\t<section class=\"elementor-section elementor-top-section elementor-element elementor-element-c33f1cc elementor-section-boxed elementor-section-height-default elementor-section-height-default sc_fly_static\" data-id=\"c33f1cc\" data-element_type=\"section\">\n\t\t\t\t\t\t<div class=\"elementor-container elementor-column-gap-extended\">\n\t\t\t\t\t\t\t<div class=\"elementor-row\">\n\t\t\t\t\t<div class=\"elementor-column elementor-col-100 elementor-top-column elementor-element elementor-element-db703d6 sc_inner_width_none sc_content_align_inherit sc_layouts_column_icons_position_left sc_fly_static\" data-id=\"db703d6\" data-element_type=\"column\">\n\t\t\t<div class=\"elementor-column-wrap elementor-element-populated\">\n\t\t\t\t\t\t\t<div class=\"elementor-widget-wrap\">\n\t\t\t\t\t\t<div class=\"elementor-element elementor-element-5eb3428 sc_fly_static elementor-widget elementor-widget-spacer\" data-id=\"5eb3428\" data-element_type=\"widget\" data-widget_type=\"spacer.default\">\n\t\t\t\t<div class=\"elementor-widget-container\">\n\t\t\t\t\t<div class=\"elementor-spacer\">\n\t\t\t<div class=\"elementor-spacer-inner\"><\/div>\n\t\t<\/div>\n\t\t\t\t<\/div>\n\t\t\t\t<\/div>\n\t\t\t\t\t\t<\/div>\n\t\t\t\t\t<\/div>\n\t\t<\/div>\n\t\t\t\t\t\t\t\t<\/div>\n\t\t\t\t\t<\/div>\n\t\t<\/section>\n\t\t\t\t<section class=\"elementor-section elementor-top-section elementor-element elementor-element-f8e6535 elementor-section-boxed elementor-section-height-default elementor-section-height-default sc_fly_static\" data-id=\"f8e6535\" data-element_type=\"section\" data-settings=\"{&quot;background_background&quot;:&quot;classic&quot;}\">\n\t\t\t\t\t\t<div class=\"elementor-container elementor-column-gap-extended\">\n\t\t\t\t\t\t\t<div class=\"elementor-row\">\n\t\t\t\t\t<div class=\"elementor-column elementor-col-100 elementor-top-column elementor-element elementor-element-dd60ee5 sc_inner_width_none sc_content_align_inherit sc_layouts_column_icons_position_left sc_fly_static\" data-id=\"dd60ee5\" data-element_type=\"column\">\n\t\t\t<div class=\"elementor-column-wrap elementor-element-populated\">\n\t\t\t\t\t\t\t<div class=\"elementor-widget-wrap\">\n\t\t\t\t\t\t<div class=\"elementor-element elementor-element-ad3a311 sc_fly_static elementor-widget elementor-widget-text-editor\" data-id=\"ad3a311\" data-element_type=\"widget\" data-widget_type=\"text-editor.default\">\n\t\t\t\t<div class=\"elementor-widget-container\">\n\t\t\t\t\t\t\t\t<div class=\"elementor-text-editor elementor-clearfix\">\n\t\t\t\t<h5>4. Recolha e Armazenamento de Dados Pessoais<\/h5><p>A Coltec raramente recolhe e armazena dados pessoais. Isto s\u00f3 acontece quando decide contactar os servi\u00e7os da Coltec atrav\u00e9s do site coltec.pt. Nesses casos, os dados registados s\u00e3o exclu\u00eddos imediatamente ap\u00f3s a resposta \u00e0 sua consulta.<\/p><p><br \/>Caso tenha consentido no tratamento dos seus dados pessoais, poder\u00e3o ser-lhe enviadas informa\u00e7\u00f5es atuais, promo\u00e7\u00f5es ou ofertas comerciais. Pode cancelar este servi\u00e7o a qualquer momento, devendo para o efeito enviar um email para geral@coltec.pt.<\/p><p><br \/>Todos esses dados recolhidos e registrados pela Coltec recebem tratamento confidencial e n\u00e3o s\u00e3o cedidos a terceiros ou disponibilizados a terceiros de nenhuma forma.<\/p>\t\t\t\t\t<\/div>\n\t\t\t\t\t\t<\/div>\n\t\t\t\t<\/div>\n\t\t\t\t\t\t<\/div>\n\t\t\t\t\t<\/div>\n\t\t<\/div>\n\t\t\t\t\t\t\t\t<\/div>\n\t\t\t\t\t<\/div>\n\t\t<\/section>\n\t\t\t\t\t\t\t\t\t<\/div>\n\t\t\t<\/div>\n\t\t\t\t\t<\/div>","protected":false},"excerpt":{"rendered":"<p>Privacy Policy 1. Introduction The purpose of this website is to provide information about Coltec, our products and activities. This website is owned by Coltec, located at Rua de Santo&hellip;<\/p>","protected":false},"author":1,"featured_media":0,"parent":0,"menu_order":0,"comment_status":"closed","ping_status":"closed","template":"","meta":{"footnotes":""},"class_list":["post-18644","page","type-page","status-publish","hentry"],"yoast_head":"<!-- This site is optimized with the Yoast SEO plugin v20.3 - https:\/\/yoast.com\/wordpress\/plugins\/seo\/ -->\n<title>Privacy Policy - Coltec<\/title>\n<meta name=\"robots\" content=\"index, follow, max-snippet:-1, max-image-preview:large, max-video-preview:-1\" \/>\n<link rel=\"canonical\" href=\"https:\/\/coltec.pt\/pt\/politica-privacidade\/\" \/>\n<meta property=\"og:locale\" content=\"pt_PT\" \/>\n<meta property=\"og:type\" content=\"article\" \/>\n<meta property=\"og:title\" content=\"Privacy Policy - Coltec\" \/>\n<meta property=\"og:description\" content=\"Privacy Policy 1. Introduction The purpose of this website is to provide information about Coltec, our products and activities. This website is owned by Coltec, located at Rua de Santo&hellip;\" \/>\n<meta property=\"og:url\" content=\"https:\/\/coltec.pt\/pt\/politica-privacidade\/\" \/>\n<meta property=\"og:site_name\" content=\"Coltec\" \/>\n<meta property=\"article:publisher\" content=\"https:\/\/www.facebook.com\/coltec.innovation\/\" \/>\n<meta property=\"article:modified_time\" content=\"2023-03-16T12:29:20+00:00\" \/>\n<meta name=\"twitter:card\" content=\"summary_large_image\" \/>\n<meta name=\"twitter:label1\" content=\"Tempo estimado de leitura\" \/>\n\t<meta name=\"twitter:data1\" content=\"3 minutos\" \/>\n<script type=\"application\/ld+json\" class=\"yoast-schema-graph\">{\"@context\":\"https:\/\/schema.org\",\"@graph\":[{\"@type\":\"WebPage\",\"@id\":\"https:\/\/coltec.pt\/pt\/politica-privacidade\/\",\"url\":\"https:\/\/coltec.pt\/pt\/politica-privacidade\/\",\"name\":\"Privacy Policy - Coltec\",\"isPartOf\":{\"@id\":\"https:\/\/coltec.pt\/#website\"},\"datePublished\":\"2022-02-03T10:00:54+00:00\",\"dateModified\":\"2023-03-16T12:29:20+00:00\",\"breadcrumb\":{\"@id\":\"https:\/\/coltec.pt\/pt\/politica-privacidade\/#breadcrumb\"},\"inLanguage\":\"pt-PT\",\"potentialAction\":[{\"@type\":\"ReadAction\",\"target\":[\"https:\/\/coltec.pt\/pt\/politica-privacidade\/\"]}]},{\"@type\":\"BreadcrumbList\",\"@id\":\"https:\/\/coltec.pt\/pt\/politica-privacidade\/#breadcrumb\",\"itemListElement\":[{\"@type\":\"ListItem\",\"position\":1,\"name\":\"Home\",\"item\":\"https:\/\/coltec.pt\/\"},{\"@type\":\"ListItem\",\"position\":2,\"name\":\"Privacy Policy\"}]},{\"@type\":\"WebSite\",\"@id\":\"https:\/\/coltec.pt\/#website\",\"url\":\"https:\/\/coltec.pt\/\",\"name\":\"Coltec\",\"description\":\"House of Innovation\",\"publisher\":{\"@id\":\"https:\/\/coltec.pt\/#organization\"},\"potentialAction\":[{\"@type\":\"SearchAction\",\"target\":{\"@type\":\"EntryPoint\",\"urlTemplate\":\"https:\/\/coltec.pt\/?s={search_term_string}\"},\"query-input\":\"required name=search_term_string\"}],\"inLanguage\":\"pt-PT\"},{\"@type\":\"Organization\",\"@id\":\"https:\/\/coltec.pt\/#organization\",\"name\":\"Coltec\",\"url\":\"https:\/\/coltec.pt\/\",\"logo\":{\"@type\":\"ImageObject\",\"inLanguage\":\"pt-PT\",\"@id\":\"https:\/\/coltec.pt\/#\/schema\/logo\/image\/\",\"url\":\"https:\/\/coltec.pt\/wp-content\/uploads\/2022\/03\/logo-small.png\",\"contentUrl\":\"https:\/\/coltec.pt\/wp-content\/uploads\/2022\/03\/logo-small.png\",\"width\":172,\"height\":49,\"caption\":\"Coltec\"},\"image\":{\"@id\":\"https:\/\/coltec.pt\/#\/schema\/logo\/image\/\"},\"sameAs\":[\"https:\/\/www.facebook.com\/coltec.innovation\/\",\"https:\/\/pt.linkedin.com\/company\/coltec\",\"https:\/\/www.instagram.com\/coltec.pt\/\"]}]}<\/script>\n<!-- \/ Yoast SEO plugin. -->","yoast_head_json":{"title":"Privacy Policy - Coltec","robots":{"index":"index","follow":"follow","max-snippet":"max-snippet:-1","max-image-preview":"max-image-preview:large","max-video-preview":"max-video-preview:-1"},"canonical":"https:\/\/coltec.pt\/pt\/politica-privacidade\/","og_locale":"pt_PT","og_type":"article","og_title":"Privacy Policy - Coltec","og_description":"Privacy Policy 1. Introduction The purpose of this website is to provide information about Coltec, our products and activities. This website is owned by Coltec, located at Rua de Santo&hellip;","og_url":"https:\/\/coltec.pt\/pt\/politica-privacidade\/","og_site_name":"Coltec","article_publisher":"https:\/\/www.facebook.com\/coltec.innovation\/","article_modified_time":"2023-03-16T12:29:20+00:00","twitter_card":"summary_large_image","twitter_misc":{"Tempo estimado de leitura":"3 minutos"},"schema":{"@context":"https:\/\/schema.org","@graph":[{"@type":"WebPage","@id":"https:\/\/coltec.pt\/pt\/politica-privacidade\/","url":"https:\/\/coltec.pt\/pt\/politica-privacidade\/","name":"Privacy Policy - Coltec","isPartOf":{"@id":"https:\/\/coltec.pt\/#website"},"datePublished":"2022-02-03T10:00:54+00:00","dateModified":"2023-03-16T12:29:20+00:00","breadcrumb":{"@id":"https:\/\/coltec.pt\/pt\/politica-privacidade\/#breadcrumb"},"inLanguage":"pt-PT","potentialAction":[{"@type":"ReadAction","target":["https:\/\/coltec.pt\/pt\/politica-privacidade\/"]}]},{"@type":"BreadcrumbList","@id":"https:\/\/coltec.pt\/pt\/politica-privacidade\/#breadcrumb","itemListElement":[{"@type":"ListItem","position":1,"name":"Home","item":"https:\/\/coltec.pt\/"},{"@type":"ListItem","position":2,"name":"Privacy Policy"}]},{"@type":"WebSite","@id":"https:\/\/coltec.pt\/#website","url":"https:\/\/coltec.pt\/","name":"Coltec","description":"House of Innovation","publisher":{"@id":"https:\/\/coltec.pt\/#organization"},"potentialAction":[{"@type":"SearchAction","target":{"@type":"EntryPoint","urlTemplate":"https:\/\/coltec.pt\/?s={search_term_string}"},"query-input":"required name=search_term_string"}],"inLanguage":"pt-PT"},{"@type":"Organization","@id":"https:\/\/coltec.pt\/#organization","name":"Coltec","url":"https:\/\/coltec.pt\/","logo":{"@type":"ImageObject","inLanguage":"pt-PT","@id":"https:\/\/coltec.pt\/#\/schema\/logo\/image\/","url":"https:\/\/coltec.pt\/wp-content\/uploads\/2022\/03\/logo-small.png","contentUrl":"https:\/\/coltec.pt\/wp-content\/uploads\/2022\/03\/logo-small.png","width":172,"height":49,"caption":"Coltec"},"image":{"@id":"https:\/\/coltec.pt\/#\/schema\/logo\/image\/"},"sameAs":["https:\/\/www.facebook.com\/coltec.innovation\/","https:\/\/pt.linkedin.com\/company\/coltec","https:\/\/www.instagram.com\/coltec.pt\/"]}]}},"_links":{"self":[{"href":"https:\/\/coltec.pt\/pt\/wp-json\/wp\/v2\/pages\/18644","targetHints":{"allow":["GET"]}}],"collection":[{"href":"https:\/\/coltec.pt\/pt\/wp-json\/wp\/v2\/pages"}],"about":[{"href":"https:\/\/coltec.pt\/pt\/wp-json\/wp\/v2\/types\/page"}],"author":[{"embeddable":true,"href":"https:\/\/coltec.pt\/pt\/wp-json\/wp\/v2\/users\/1"}],"replies":[{"embeddable":true,"href":"https:\/\/coltec.pt\/pt\/wp-json\/wp\/v2\/comments?post=18644"}],"version-history":[{"count":24,"href":"https:\/\/coltec.pt\/pt\/wp-json\/wp\/v2\/pages\/18644\/revisions"}],"predecessor-version":[{"id":21149,"href":"https:\/\/coltec.pt\/pt\/wp-json\/wp\/v2\/pages\/18644\/revisions\/21149"}],"wp:attachment":[{"href":"https:\/\/coltec.pt\/pt\/wp-json\/wp\/v2\/media?parent=18644"}],"curies":[{"name":"wp","href":"https:\/\/api.w.org\/{rel}","templated":true}]}}