{"id":20424,"date":"2022-06-15T10:55:52","date_gmt":"2022-06-15T09:55:52","guid":{"rendered":"https:\/\/coltec.pt\/?page_id=20424"},"modified":"2023-03-16T12:28:42","modified_gmt":"2023-03-16T12:28:42","slug":"terms-and-conditions","status":"publish","type":"page","link":"https:\/\/coltec.pt\/pt\/terms-and-conditions\/","title":{"rendered":"Termos e Condi\u00e7\u00f5es"},"content":{"rendered":"<div data-elementor-type=\"wp-page\" data-elementor-id=\"20424\" class=\"elementor elementor-20424\">\n\t\t\t\t\t\t<div class=\"elementor-inner\">\n\t\t\t\t<div class=\"elementor-section-wrap\">\n\t\t\t\t\t\t\t\t\t<section class=\"elementor-section elementor-top-section elementor-element elementor-element-cbc5005 elementor-section-boxed elementor-section-height-default elementor-section-height-default sc_fly_static\" data-id=\"cbc5005\" data-element_type=\"section\">\n\t\t\t\t\t\t<div class=\"elementor-container elementor-column-gap-extended\">\n\t\t\t\t\t\t\t<div class=\"elementor-row\">\n\t\t\t\t\t<div class=\"elementor-column elementor-col-100 elementor-top-column elementor-element elementor-element-a3781d4 sc_inner_width_none sc_content_align_inherit sc_layouts_column_icons_position_left sc_fly_static\" data-id=\"a3781d4\" data-element_type=\"column\">\n\t\t\t<div class=\"elementor-column-wrap elementor-element-populated\">\n\t\t\t\t\t\t\t<div class=\"elementor-widget-wrap\">\n\t\t\t\t\t\t<div class=\"elementor-element elementor-element-3e10733 sc_fly_static elementor-widget elementor-widget-heading\" data-id=\"3e10733\" data-element_type=\"widget\" data-widget_type=\"heading.default\">\n\t\t\t\t<div class=\"elementor-widget-container\">\n\t\t\t<h2 class=\"elementor-heading-title elementor-size-default\">Termos e Condi\u00e7\u00f5es<\/h2>\t\t<\/div>\n\t\t\t\t<\/div>\n\t\t\t\t\t\t<\/div>\n\t\t\t\t\t<\/div>\n\t\t<\/div>\n\t\t\t\t\t\t\t\t<\/div>\n\t\t\t\t\t<\/div>\n\t\t<\/section>\n\t\t\t\t<section class=\"elementor-section elementor-top-section elementor-element elementor-element-494d5ad5 elementor-section-boxed elementor-section-height-default elementor-section-height-default sc_fly_static\" data-id=\"494d5ad5\" data-element_type=\"section\">\n\t\t\t\t\t\t<div class=\"elementor-container elementor-column-gap-extended\">\n\t\t\t\t\t\t\t<div class=\"elementor-row\">\n\t\t\t\t\t<div class=\"elementor-column elementor-col-100 elementor-top-column elementor-element elementor-element-5071073c sc_inner_width_none sc_content_align_inherit sc_layouts_column_icons_position_left sc_fly_static\" data-id=\"5071073c\" data-element_type=\"column\">\n\t\t\t<div class=\"elementor-column-wrap elementor-element-populated\">\n\t\t\t\t\t\t\t<div class=\"elementor-widget-wrap\">\n\t\t\t\t\t\t<div class=\"elementor-element elementor-element-ffea904 sc_fly_static elementor-widget elementor-widget-spacer\" data-id=\"ffea904\" data-element_type=\"widget\" data-widget_type=\"spacer.default\">\n\t\t\t\t<div class=\"elementor-widget-container\">\n\t\t\t\t\t<div class=\"elementor-spacer\">\n\t\t\t<div class=\"elementor-spacer-inner\"><\/div>\n\t\t<\/div>\n\t\t\t\t<\/div>\n\t\t\t\t<\/div>\n\t\t\t\t\t\t<\/div>\n\t\t\t\t\t<\/div>\n\t\t<\/div>\n\t\t\t\t\t\t\t\t<\/div>\n\t\t\t\t\t<\/div>\n\t\t<\/section>\n\t\t\t\t<section class=\"elementor-section elementor-top-section elementor-element elementor-element-2dd520f3 elementor-section-boxed elementor-section-height-default elementor-section-height-default sc_fly_static\" data-id=\"2dd520f3\" data-element_type=\"section\" data-settings=\"{&quot;background_background&quot;:&quot;classic&quot;}\">\n\t\t\t\t\t\t<div class=\"elementor-container elementor-column-gap-extended\">\n\t\t\t\t\t\t\t<div class=\"elementor-row\">\n\t\t\t\t\t<div class=\"elementor-column elementor-col-100 elementor-top-column elementor-element elementor-element-3b817019 sc_inner_width_none sc_content_align_inherit sc_layouts_column_icons_position_left sc_fly_static\" data-id=\"3b817019\" data-element_type=\"column\">\n\t\t\t<div class=\"elementor-column-wrap elementor-element-populated\">\n\t\t\t\t\t\t\t<div class=\"elementor-widget-wrap\">\n\t\t\t\t\t\t<div class=\"elementor-element elementor-element-1675e9cb sc_fly_static elementor-widget elementor-widget-text-editor\" data-id=\"1675e9cb\" data-element_type=\"widget\" data-widget_type=\"text-editor.default\">\n\t\t\t\t<div class=\"elementor-widget-container\">\n\t\t\t\t\t\t\t\t<div class=\"elementor-text-editor elementor-clearfix\">\n\t\t\t\t<h5>1. Introdu\u00e7\u00e3o<\/h5><p>O objetivo deste site \u00e9 fornecer informa\u00e7\u00f5es sobre a Coltec, os nossos produtos e atividades. Este website \u00e9 propriedade da Coltec, com sede na Rua de Santo Amaro, n\u00ba1079 Guimar\u00e3es, Braga 4835-209, Portugal.<\/p>\t\t\t\t\t<\/div>\n\t\t\t\t\t\t<\/div>\n\t\t\t\t<\/div>\n\t\t\t\t\t\t<\/div>\n\t\t\t\t\t<\/div>\n\t\t<\/div>\n\t\t\t\t\t\t\t\t<\/div>\n\t\t\t\t\t<\/div>\n\t\t<\/section>\n\t\t\t\t<section class=\"elementor-section elementor-top-section elementor-element elementor-element-37b60020 elementor-section-boxed elementor-section-height-default elementor-section-height-default sc_fly_static\" data-id=\"37b60020\" data-element_type=\"section\">\n\t\t\t\t\t\t<div class=\"elementor-container elementor-column-gap-extended\">\n\t\t\t\t\t\t\t<div class=\"elementor-row\">\n\t\t\t\t\t<div class=\"elementor-column elementor-col-100 elementor-top-column elementor-element elementor-element-6f7d91a0 sc_inner_width_none sc_content_align_inherit sc_layouts_column_icons_position_left sc_fly_static\" data-id=\"6f7d91a0\" data-element_type=\"column\">\n\t\t\t<div class=\"elementor-column-wrap elementor-element-populated\">\n\t\t\t\t\t\t\t<div class=\"elementor-widget-wrap\">\n\t\t\t\t\t\t<div class=\"elementor-element elementor-element-54375354 sc_fly_static elementor-widget elementor-widget-spacer\" data-id=\"54375354\" data-element_type=\"widget\" data-widget_type=\"spacer.default\">\n\t\t\t\t<div class=\"elementor-widget-container\">\n\t\t\t\t\t<div class=\"elementor-spacer\">\n\t\t\t<div class=\"elementor-spacer-inner\"><\/div>\n\t\t<\/div>\n\t\t\t\t<\/div>\n\t\t\t\t<\/div>\n\t\t\t\t\t\t<\/div>\n\t\t\t\t\t<\/div>\n\t\t<\/div>\n\t\t\t\t\t\t\t\t<\/div>\n\t\t\t\t\t<\/div>\n\t\t<\/section>\n\t\t\t\t<section class=\"elementor-section elementor-top-section elementor-element elementor-element-1d8ef5d1 elementor-section-boxed elementor-section-height-default elementor-section-height-default sc_fly_static\" data-id=\"1d8ef5d1\" data-element_type=\"section\" data-settings=\"{&quot;background_background&quot;:&quot;classic&quot;}\">\n\t\t\t\t\t\t<div class=\"elementor-container elementor-column-gap-extended\">\n\t\t\t\t\t\t\t<div class=\"elementor-row\">\n\t\t\t\t\t<div class=\"elementor-column elementor-col-100 elementor-top-column elementor-element elementor-element-20a3ebf sc_inner_width_none sc_content_align_inherit sc_layouts_column_icons_position_left sc_fly_static\" data-id=\"20a3ebf\" data-element_type=\"column\">\n\t\t\t<div class=\"elementor-column-wrap elementor-element-populated\">\n\t\t\t\t\t\t\t<div class=\"elementor-widget-wrap\">\n\t\t\t\t\t\t<div class=\"elementor-element elementor-element-67640cf7 sc_fly_static elementor-widget elementor-widget-text-editor\" data-id=\"67640cf7\" data-element_type=\"widget\" data-widget_type=\"text-editor.default\">\n\t\t\t\t<div class=\"elementor-widget-container\">\n\t\t\t\t\t\t\t\t<div class=\"elementor-text-editor elementor-clearfix\">\n\t\t\t\t<h5>2. Conte\u00fado de Coltec.pt<\/h5><p>Todos os conte\u00fados disponibilizados em coltec.pt s\u00e3o propriedade da Coltec ou, ainda que n\u00e3o o sejam, a Coltec tem autoriza\u00e7\u00e3o dos respetivos propriet\u00e1rios para a sua utiliza\u00e7\u00e3o.<\/p><p>Textos, fotografias, v\u00eddeos, desenhos e gr\u00e1ficos podem ser protegidos por direitos de autor ou outros direitos de propriedade intelectual, incluindo direitos de modelo de utilidade ou direitos de design.<\/p><p>\u00c9 proibida a reprodu\u00e7\u00e3o ou utiliza\u00e7\u00e3o de qualquer forma dos conte\u00fados dispon\u00edveis em coltec.pt, exceto para uso pessoal e n\u00e3o comercial, e desde que os direitos da Coltec sejam respeitados e permane\u00e7am inalterados.<\/p><p>As marcas registadas, incluindo log\u00f3tipos, slogans, etc., s\u00e3o marcas registadas ou n\u00e3o registadas de propriedade ou licenciadas para a Coltec.<\/p><p>N\u00e3o est\u00e1 autorizada de forma alguma a reprodu\u00e7\u00e3o ou utiliza\u00e7\u00e3o de quaisquer dos direitos de propriedade intelectual apresentados em coltec.pt para qualquer fim que n\u00e3o seja a navega\u00e7\u00e3o habitual na internet.<\/p>\t\t\t\t\t<\/div>\n\t\t\t\t\t\t<\/div>\n\t\t\t\t<\/div>\n\t\t\t\t\t\t<\/div>\n\t\t\t\t\t<\/div>\n\t\t<\/div>\n\t\t\t\t\t\t\t\t<\/div>\n\t\t\t\t\t<\/div>\n\t\t<\/section>\n\t\t\t\t<section class=\"elementor-section elementor-top-section elementor-element elementor-element-71ed8d6a elementor-section-boxed elementor-section-height-default elementor-section-height-default sc_fly_static\" data-id=\"71ed8d6a\" data-element_type=\"section\">\n\t\t\t\t\t\t<div class=\"elementor-container elementor-column-gap-extended\">\n\t\t\t\t\t\t\t<div class=\"elementor-row\">\n\t\t\t\t\t<div class=\"elementor-column elementor-col-100 elementor-top-column elementor-element elementor-element-7ed6c6fe sc_inner_width_none sc_content_align_inherit sc_layouts_column_icons_position_left sc_fly_static\" data-id=\"7ed6c6fe\" data-element_type=\"column\">\n\t\t\t<div class=\"elementor-column-wrap elementor-element-populated\">\n\t\t\t\t\t\t\t<div class=\"elementor-widget-wrap\">\n\t\t\t\t\t\t<div class=\"elementor-element elementor-element-55d89b57 sc_fly_static elementor-widget elementor-widget-spacer\" data-id=\"55d89b57\" data-element_type=\"widget\" data-widget_type=\"spacer.default\">\n\t\t\t\t<div class=\"elementor-widget-container\">\n\t\t\t\t\t<div class=\"elementor-spacer\">\n\t\t\t<div class=\"elementor-spacer-inner\"><\/div>\n\t\t<\/div>\n\t\t\t\t<\/div>\n\t\t\t\t<\/div>\n\t\t\t\t\t\t<\/div>\n\t\t\t\t\t<\/div>\n\t\t<\/div>\n\t\t\t\t\t\t\t\t<\/div>\n\t\t\t\t\t<\/div>\n\t\t<\/section>\n\t\t\t\t<section class=\"elementor-section elementor-top-section elementor-element elementor-element-1a1a1b92 elementor-section-boxed elementor-section-height-default elementor-section-height-default sc_fly_static\" data-id=\"1a1a1b92\" data-element_type=\"section\" data-settings=\"{&quot;background_background&quot;:&quot;classic&quot;}\">\n\t\t\t\t\t\t<div class=\"elementor-container elementor-column-gap-extended\">\n\t\t\t\t\t\t\t<div class=\"elementor-row\">\n\t\t\t\t\t<div class=\"elementor-column elementor-col-100 elementor-top-column elementor-element elementor-element-732ac90e sc_inner_width_none sc_content_align_inherit sc_layouts_column_icons_position_left sc_fly_static\" data-id=\"732ac90e\" data-element_type=\"column\">\n\t\t\t<div class=\"elementor-column-wrap elementor-element-populated\">\n\t\t\t\t\t\t\t<div class=\"elementor-widget-wrap\">\n\t\t\t\t\t\t<div class=\"elementor-element elementor-element-283fa2c3 sc_fly_static elementor-widget elementor-widget-text-editor\" data-id=\"283fa2c3\" data-element_type=\"widget\" data-widget_type=\"text-editor.default\">\n\t\t\t\t<div class=\"elementor-widget-container\">\n\t\t\t\t\t\t\t\t<div class=\"elementor-text-editor elementor-clearfix\">\n\t\t\t\t<h5>3. Termos e Condi\u00e7\u00f5es de Responsabilidade Legal<\/h5><p>A informa\u00e7\u00e3o disponibilizada atrav\u00e9s do site coltec.pt n\u00e3o est\u00e1 sujeita a qualquer garantia. O site destina-se a fornecer apenas informa\u00e7\u00f5es gerais. A utiliza\u00e7\u00e3o do site coltec.pt implica a aceita\u00e7\u00e3o das presentes condi\u00e7\u00f5es. A Coltec n\u00e3o pode garantir a exatid\u00e3o ou integridade das informa\u00e7\u00f5es, nem que as informa\u00e7\u00f5es atendam a todos os seus requisitos.<\/p><p>Quando o site coltec.pt incluir uma refer\u00eancia ou possibilidade de liga\u00e7\u00e3o a outros sites, a Coltec n\u00e3o assume qualquer responsabilidade pelos servi\u00e7os ou equipamentos fornecidos por esses sites e n\u00e3o supervisionar\u00e1 os sites ou o material ou informa\u00e7\u00e3o neles inclu\u00eddos. Caso tenha a possibilidade de aceder a coltec.pt a partir de outros websites, a Coltec pode n\u00e3o ter aprovado o link ou qualquer outro servi\u00e7o presente no website que disponibilize o link, salvo nos casos em que expressamente indicado em contr\u00e1rio.<\/p><p>A recolha de emails efetuada atrav\u00e9s da subscri\u00e7\u00e3o da newsletter da Coltec \u00e9 efetuada atrav\u00e9s de registo online e decorrer\u00e1 de acordo com as mais estritas regras de seguran\u00e7a.<\/p><p>A Coltec compromete-se a adotar as medidas de seguran\u00e7a necess\u00e1rias para garantir a salvaguarda dos emails dos subscritores da newsletter contra eventuais utiliza\u00e7\u00f5es abusivas.<\/p><p>A Coltec exime-se de qualquer responsabilidade por perdas ou danos diretos ou indiretos decorrentes da utiliza\u00e7\u00e3o que se fa\u00e7a do coltec.pt, ou do acesso ou navega\u00e7\u00e3o de outros sites a que se aceda atrav\u00e9s de links disponibilizados pelo coltec.pt. Estes termos e condi\u00e7\u00f5es legais de responsabilidade aplicam-se sem preju\u00edzo das raz\u00f5es de tais perdas e independentemente da Coltec poder ou dever ter antecipado tais perdas ou danos, quando n\u00e3o eliminou um link presente no site da Coltec ou de outra forma. A limita\u00e7\u00e3o de responsabilidade tamb\u00e9m se aplica a danos causados por v\u00edrus de computador presentes em seu computador.<\/p>\t\t\t\t\t<\/div>\n\t\t\t\t\t\t<\/div>\n\t\t\t\t<\/div>\n\t\t\t\t\t\t<\/div>\n\t\t\t\t\t<\/div>\n\t\t<\/div>\n\t\t\t\t\t\t\t\t<\/div>\n\t\t\t\t\t<\/div>\n\t\t<\/section>\n\t\t\t\t\t\t\t\t\t<\/div>\n\t\t\t<\/div>\n\t\t\t\t\t<\/div>","protected":false},"excerpt":{"rendered":"<p>Terms &#038; Conditions 1. Introduction The purpose of this website is to provide information about Coltec, our products and activities. This website is owned by Coltec, located at Rua de&hellip;<\/p>","protected":false},"author":1,"featured_media":0,"parent":0,"menu_order":0,"comment_status":"closed","ping_status":"closed","template":"","meta":{"footnotes":""},"class_list":["post-20424","page","type-page","status-publish","hentry"],"yoast_head":"<!-- This site is optimized with the Yoast SEO plugin v20.3 - https:\/\/yoast.com\/wordpress\/plugins\/seo\/ -->\n<title>Terms and Conditions - Coltec<\/title>\n<meta name=\"robots\" content=\"index, follow, max-snippet:-1, max-image-preview:large, max-video-preview:-1\" \/>\n<link rel=\"canonical\" href=\"https:\/\/coltec.pt\/pt\/terms-and-conditions\/\" \/>\n<meta property=\"og:locale\" content=\"pt_PT\" \/>\n<meta property=\"og:type\" content=\"article\" \/>\n<meta property=\"og:title\" content=\"Terms and Conditions - Coltec\" \/>\n<meta property=\"og:description\" content=\"Terms &#038; Conditions 1. Introduction The purpose of this website is to provide information about Coltec, our products and activities. This website is owned by Coltec, located at Rua de&hellip;\" \/>\n<meta property=\"og:url\" content=\"https:\/\/coltec.pt\/pt\/terms-and-conditions\/\" \/>\n<meta property=\"og:site_name\" content=\"Coltec\" \/>\n<meta property=\"article:publisher\" content=\"https:\/\/www.facebook.com\/coltec.innovation\/\" \/>\n<meta property=\"article:modified_time\" content=\"2023-03-16T12:28:42+00:00\" \/>\n<meta name=\"twitter:card\" content=\"summary_large_image\" \/>\n<meta name=\"twitter:label1\" content=\"Tempo estimado de leitura\" \/>\n\t<meta name=\"twitter:data1\" content=\"2 minutos\" \/>\n<script type=\"application\/ld+json\" class=\"yoast-schema-graph\">{\"@context\":\"https:\/\/schema.org\",\"@graph\":[{\"@type\":\"WebPage\",\"@id\":\"https:\/\/coltec.pt\/terms-and-conditions\/\",\"url\":\"https:\/\/coltec.pt\/terms-and-conditions\/\",\"name\":\"Terms and Conditions - Coltec\",\"isPartOf\":{\"@id\":\"https:\/\/coltec.pt\/#website\"},\"datePublished\":\"2022-06-15T09:55:52+00:00\",\"dateModified\":\"2023-03-16T12:28:42+00:00\",\"breadcrumb\":{\"@id\":\"https:\/\/coltec.pt\/terms-and-conditions\/#breadcrumb\"},\"inLanguage\":\"pt-PT\",\"potentialAction\":[{\"@type\":\"ReadAction\",\"target\":[\"https:\/\/coltec.pt\/terms-and-conditions\/\"]}]},{\"@type\":\"BreadcrumbList\",\"@id\":\"https:\/\/coltec.pt\/terms-and-conditions\/#breadcrumb\",\"itemListElement\":[{\"@type\":\"ListItem\",\"position\":1,\"name\":\"Home\",\"item\":\"https:\/\/coltec.pt\/\"},{\"@type\":\"ListItem\",\"position\":2,\"name\":\"Terms and Conditions\"}]},{\"@type\":\"WebSite\",\"@id\":\"https:\/\/coltec.pt\/#website\",\"url\":\"https:\/\/coltec.pt\/\",\"name\":\"Coltec\",\"description\":\"House of Innovation\",\"publisher\":{\"@id\":\"https:\/\/coltec.pt\/#organization\"},\"potentialAction\":[{\"@type\":\"SearchAction\",\"target\":{\"@type\":\"EntryPoint\",\"urlTemplate\":\"https:\/\/coltec.pt\/?s={search_term_string}\"},\"query-input\":\"required name=search_term_string\"}],\"inLanguage\":\"pt-PT\"},{\"@type\":\"Organization\",\"@id\":\"https:\/\/coltec.pt\/#organization\",\"name\":\"Coltec\",\"url\":\"https:\/\/coltec.pt\/\",\"logo\":{\"@type\":\"ImageObject\",\"inLanguage\":\"pt-PT\",\"@id\":\"https:\/\/coltec.pt\/#\/schema\/logo\/image\/\",\"url\":\"https:\/\/coltec.pt\/wp-content\/uploads\/2022\/03\/logo-small.png\",\"contentUrl\":\"https:\/\/coltec.pt\/wp-content\/uploads\/2022\/03\/logo-small.png\",\"width\":172,\"height\":49,\"caption\":\"Coltec\"},\"image\":{\"@id\":\"https:\/\/coltec.pt\/#\/schema\/logo\/image\/\"},\"sameAs\":[\"https:\/\/www.facebook.com\/coltec.innovation\/\",\"https:\/\/pt.linkedin.com\/company\/coltec\",\"https:\/\/www.instagram.com\/coltec.pt\/\"]}]}<\/script>\n<!-- \/ Yoast SEO plugin. -->","yoast_head_json":{"title":"Terms and Conditions - Coltec","robots":{"index":"index","follow":"follow","max-snippet":"max-snippet:-1","max-image-preview":"max-image-preview:large","max-video-preview":"max-video-preview:-1"},"canonical":"https:\/\/coltec.pt\/pt\/terms-and-conditions\/","og_locale":"pt_PT","og_type":"article","og_title":"Terms and Conditions - Coltec","og_description":"Terms &#038; Conditions 1. Introduction The purpose of this website is to provide information about Coltec, our products and activities. This website is owned by Coltec, located at Rua de&hellip;","og_url":"https:\/\/coltec.pt\/pt\/terms-and-conditions\/","og_site_name":"Coltec","article_publisher":"https:\/\/www.facebook.com\/coltec.innovation\/","article_modified_time":"2023-03-16T12:28:42+00:00","twitter_card":"summary_large_image","twitter_misc":{"Tempo estimado de leitura":"2 minutos"},"schema":{"@context":"https:\/\/schema.org","@graph":[{"@type":"WebPage","@id":"https:\/\/coltec.pt\/terms-and-conditions\/","url":"https:\/\/coltec.pt\/terms-and-conditions\/","name":"Terms and Conditions - Coltec","isPartOf":{"@id":"https:\/\/coltec.pt\/#website"},"datePublished":"2022-06-15T09:55:52+00:00","dateModified":"2023-03-16T12:28:42+00:00","breadcrumb":{"@id":"https:\/\/coltec.pt\/terms-and-conditions\/#breadcrumb"},"inLanguage":"pt-PT","potentialAction":[{"@type":"ReadAction","target":["https:\/\/coltec.pt\/terms-and-conditions\/"]}]},{"@type":"BreadcrumbList","@id":"https:\/\/coltec.pt\/terms-and-conditions\/#breadcrumb","itemListElement":[{"@type":"ListItem","position":1,"name":"Home","item":"https:\/\/coltec.pt\/"},{"@type":"ListItem","position":2,"name":"Terms and Conditions"}]},{"@type":"WebSite","@id":"https:\/\/coltec.pt\/#website","url":"https:\/\/coltec.pt\/","name":"Coltec","description":"House of Innovation","publisher":{"@id":"https:\/\/coltec.pt\/#organization"},"potentialAction":[{"@type":"SearchAction","target":{"@type":"EntryPoint","urlTemplate":"https:\/\/coltec.pt\/?s={search_term_string}"},"query-input":"required name=search_term_string"}],"inLanguage":"pt-PT"},{"@type":"Organization","@id":"https:\/\/coltec.pt\/#organization","name":"Coltec","url":"https:\/\/coltec.pt\/","logo":{"@type":"ImageObject","inLanguage":"pt-PT","@id":"https:\/\/coltec.pt\/#\/schema\/logo\/image\/","url":"https:\/\/coltec.pt\/wp-content\/uploads\/2022\/03\/logo-small.png","contentUrl":"https:\/\/coltec.pt\/wp-content\/uploads\/2022\/03\/logo-small.png","width":172,"height":49,"caption":"Coltec"},"image":{"@id":"https:\/\/coltec.pt\/#\/schema\/logo\/image\/"},"sameAs":["https:\/\/www.facebook.com\/coltec.innovation\/","https:\/\/pt.linkedin.com\/company\/coltec","https:\/\/www.instagram.com\/coltec.pt\/"]}]}},"_links":{"self":[{"href":"https:\/\/coltec.pt\/pt\/wp-json\/wp\/v2\/pages\/20424","targetHints":{"allow":["GET"]}}],"collection":[{"href":"https:\/\/coltec.pt\/pt\/wp-json\/wp\/v2\/pages"}],"about":[{"href":"https:\/\/coltec.pt\/pt\/wp-json\/wp\/v2\/types\/page"}],"author":[{"embeddable":true,"href":"https:\/\/coltec.pt\/pt\/wp-json\/wp\/v2\/users\/1"}],"replies":[{"embeddable":true,"href":"https:\/\/coltec.pt\/pt\/wp-json\/wp\/v2\/comments?post=20424"}],"version-history":[{"count":19,"href":"https:\/\/coltec.pt\/pt\/wp-json\/wp\/v2\/pages\/20424\/revisions"}],"predecessor-version":[{"id":21143,"href":"https:\/\/coltec.pt\/pt\/wp-json\/wp\/v2\/pages\/20424\/revisions\/21143"}],"wp:attachment":[{"href":"https:\/\/coltec.pt\/pt\/wp-json\/wp\/v2\/media?parent=20424"}],"curies":[{"name":"wp","href":"https:\/\/api.w.org\/{rel}","templated":true}]}}