{"id":21244,"date":"2024-01-29T12:53:42","date_gmt":"2024-01-29T12:53:42","guid":{"rendered":"https:\/\/coltec.pt\/?page_id=21244"},"modified":"2024-02-08T09:30:39","modified_gmt":"2024-02-08T09:30:39","slug":"whistleblowing-channel","status":"publish","type":"page","link":"https:\/\/coltec.pt\/pt\/canal-denuncia\/","title":{"rendered":"Canal de Den\u00fancia"},"content":{"rendered":"<div data-elementor-type=\"wp-page\" data-elementor-id=\"21244\" class=\"elementor elementor-21244\">\n\t\t\t\t\t\t<div class=\"elementor-inner\">\n\t\t\t\t<div class=\"elementor-section-wrap\">\n\t\t\t\t\t\t\t\t\t<section class=\"elementor-section elementor-top-section elementor-element elementor-element-cbc5005 elementor-section-boxed elementor-section-height-default elementor-section-height-default sc_fly_static\" data-id=\"cbc5005\" data-element_type=\"section\">\n\t\t\t\t\t\t<div class=\"elementor-container elementor-column-gap-extended\">\n\t\t\t\t\t\t\t<div class=\"elementor-row\">\n\t\t\t\t\t<div class=\"elementor-column elementor-col-100 elementor-top-column elementor-element elementor-element-a3781d4 sc_inner_width_none sc_content_align_inherit sc_layouts_column_icons_position_left sc_fly_static\" data-id=\"a3781d4\" data-element_type=\"column\">\n\t\t\t<div class=\"elementor-column-wrap elementor-element-populated\">\n\t\t\t\t\t\t\t<div class=\"elementor-widget-wrap\">\n\t\t\t\t\t\t<div class=\"elementor-element elementor-element-3e10733 sc_fly_static elementor-widget elementor-widget-heading\" data-id=\"3e10733\" data-element_type=\"widget\" data-widget_type=\"heading.default\">\n\t\t\t\t<div class=\"elementor-widget-container\">\n\t\t\t<h2 class=\"elementor-heading-title elementor-size-default translation-block\">Canal de Den\u00fancia<br>(Lei n\u00ba93\/2021)<\/h2>\t\t<\/div>\n\t\t\t\t<\/div>\n\t\t\t\t\t\t<\/div>\n\t\t\t\t\t<\/div>\n\t\t<\/div>\n\t\t\t\t\t\t\t\t<\/div>\n\t\t\t\t\t<\/div>\n\t\t<\/section>\n\t\t\t\t<section class=\"elementor-section elementor-top-section elementor-element elementor-element-494d5ad5 elementor-section-boxed elementor-section-height-default elementor-section-height-default sc_fly_static\" data-id=\"494d5ad5\" data-element_type=\"section\">\n\t\t\t\t\t\t<div class=\"elementor-container elementor-column-gap-extended\">\n\t\t\t\t\t\t\t<div class=\"elementor-row\">\n\t\t\t\t\t<div class=\"elementor-column elementor-col-100 elementor-top-column elementor-element elementor-element-5071073c sc_inner_width_none sc_content_align_inherit sc_layouts_column_icons_position_left sc_fly_static\" data-id=\"5071073c\" data-element_type=\"column\">\n\t\t\t<div class=\"elementor-column-wrap elementor-element-populated\">\n\t\t\t\t\t\t\t<div class=\"elementor-widget-wrap\">\n\t\t\t\t\t\t<div class=\"elementor-element elementor-element-ffea904 sc_fly_static elementor-widget elementor-widget-spacer\" data-id=\"ffea904\" data-element_type=\"widget\" data-widget_type=\"spacer.default\">\n\t\t\t\t<div class=\"elementor-widget-container\">\n\t\t\t\t\t<div class=\"elementor-spacer\">\n\t\t\t<div class=\"elementor-spacer-inner\"><\/div>\n\t\t<\/div>\n\t\t\t\t<\/div>\n\t\t\t\t<\/div>\n\t\t\t\t\t\t<\/div>\n\t\t\t\t\t<\/div>\n\t\t<\/div>\n\t\t\t\t\t\t\t\t<\/div>\n\t\t\t\t\t<\/div>\n\t\t<\/section>\n\t\t\t\t<section class=\"elementor-section elementor-top-section elementor-element elementor-element-2dd520f3 elementor-section-boxed elementor-section-height-default elementor-section-height-default sc_fly_static\" data-id=\"2dd520f3\" data-element_type=\"section\" data-settings=\"{&quot;background_background&quot;:&quot;classic&quot;}\">\n\t\t\t\t\t\t<div class=\"elementor-container elementor-column-gap-extended\">\n\t\t\t\t\t\t\t<div class=\"elementor-row\">\n\t\t\t\t\t<div class=\"elementor-column elementor-col-100 elementor-top-column elementor-element elementor-element-3b817019 sc_inner_width_none sc_content_align_inherit sc_layouts_column_icons_position_left sc_fly_static\" data-id=\"3b817019\" data-element_type=\"column\">\n\t\t\t<div class=\"elementor-column-wrap elementor-element-populated\">\n\t\t\t\t\t\t\t<div class=\"elementor-widget-wrap\">\n\t\t\t\t\t\t<div class=\"elementor-element elementor-element-1675e9cb sc_fly_static elementor-widget elementor-widget-text-editor\" data-id=\"1675e9cb\" data-element_type=\"widget\" data-widget_type=\"text-editor.default\">\n\t\t\t\t<div class=\"elementor-widget-container\">\n\t\t\t\t\t\t\t\t<div class=\"elementor-text-editor elementor-clearfix\">\n\t\t\t\t<p>A empresa NEVES &amp; COMPANHIA, LDA disponibiliza um Canal de Den\u00fancia, onde poder\u00e3o ser comunicadas irregularidades, condutas inadequadas ou incumprimento de normas internas. O canal de den\u00fancia poder\u00e1 ser utilizado por colaboradores da empresa, por terceiros interessados, nomeadamente Parceiros, Fornecedores, Prestadores de Servi\u00e7os ou Clientes, mesmo que a rela\u00e7\u00e3o profissional tenha, entretanto, terminado. Todas as comunica\u00e7\u00f5es ser\u00e3o tratadas de forma independente e confidencial, garantindo a prote\u00e7\u00e3o dos seus dados pessoais, podendo manter o anonimato, mencionando tal pretens\u00e3o no in\u00edcio da sua comunica\u00e7\u00e3o. Para o efeito, a decis\u00e3o de reporte deve ser tomada de forma consciente, ponderada e honesta. A empresa assegurar\u00e1 uma resposta a todas as situa\u00e7\u00f5es comunicadas.<\/p><p>Para efetuar uma comunica\u00e7\u00e3o de irregularidades, poder\u00e1 recorrer a um dos seguintes canais:<\/p><ul><li>enviar um correio eletr\u00f3nico para o seguinte endere\u00e7o: <a href=\"mailto:denuncia@coltec.pt\"><span style=\"text-decoration: underline;\">denuncia@coltec.pt<\/span><\/a><\/li><li>preencher o seguinte formul\u00e1rio:<\/li><\/ul>\t\t\t\t\t<\/div>\n\t\t\t\t\t\t<\/div>\n\t\t\t\t<\/div>\n\t\t\t\t<div class=\"elementor-element elementor-element-481ebcf sc_fly_static elementor-widget elementor-widget-shortcode\" data-id=\"481ebcf\" data-element_type=\"widget\" data-widget_type=\"shortcode.default\">\n\t\t\t\t<div class=\"elementor-widget-container\">\n\t\t\t\t\t<div class=\"elementor-shortcode\">\n<div class=\"wpcf7 no-js\" id=\"wpcf7-f21247-o1\" lang=\"en-US\" dir=\"ltr\">\n<div class=\"screen-reader-response\"><p role=\"status\" aria-live=\"polite\" aria-atomic=\"true\"><\/p> <ul><\/ul><\/div>\n<form action=\"\/pt\/wp-json\/wp\/v2\/pages\/21244#wpcf7-f21247-o1\" method=\"post\" class=\"wpcf7-form init\" aria-label=\"Contact form\" novalidate=\"novalidate\" data-status=\"init\" data-trp-original-action=\"\/pt\/wp-json\/wp\/v2\/pages\/21244#wpcf7-f21247-o1\">\n<div style=\"display: none;\">\n<input type=\"hidden\" name=\"_wpcf7\" value=\"21247\" \/>\n<input type=\"hidden\" name=\"_wpcf7_version\" value=\"5.7.4\" \/>\n<input type=\"hidden\" name=\"_wpcf7_locale\" value=\"en_US\" \/>\n<input type=\"hidden\" name=\"_wpcf7_unit_tag\" value=\"wpcf7-f21247-o1\" \/>\n<input type=\"hidden\" name=\"_wpcf7_container_post\" value=\"0\" \/>\n<input type=\"hidden\" name=\"_wpcf7_posted_data_hash\" value=\"\" \/>\n<input type=\"hidden\" name=\"_wpcf7_recaptcha_response\" value=\"\" \/>\n<\/div>\n<div class=\"form-style-7\">\n\t<div class=\"columns_wrap\">\n\t\t<div class=\"column-1_1\">\n\t\t\t<p><span class=\"style-line\"><span class=\"wpcf7-form-control-wrap\" data-name=\"your-name\"><input size=\"40\" class=\"wpcf7-form-control wpcf7-text\" aria-invalid=\"false\" placeholder=\"Nome\" value=\"\" type=\"text\" name=\"your-name\" \/><\/span><\/span>\n\t\t\t<\/p>\n\t\t<\/div>\n\t\t<div class=\"column-1_1\">\n\t\t\t<p><span class=\"style-line\"><span class=\"wpcf7-form-control-wrap\" data-name=\"your-email\"><input size=\"40\" class=\"wpcf7-form-control wpcf7-text wpcf7-email wpcf7-validates-as-email\" aria-invalid=\"false\" placeholder=\"E-mail\" value=\"\" type=\"email\" name=\"your-email\" \/><\/span><\/span>\n\t\t\t<\/p>\n\t\t<\/div>\n\t\t<div class=\"column-1_1\">\n\t\t\t<p><span class=\"style-line\"><span class=\"wpcf7-form-control-wrap\" data-name=\"phone\"><input size=\"40\" class=\"wpcf7-form-control wpcf7-text wpcf7-tel wpcf7-validates-as-tel\" aria-invalid=\"false\" placeholder=\"Telem\u00f3vel\" value=\"\" type=\"tel\" name=\"phone\" \/><\/span><\/span>\n\t\t\t<\/p>\n\t\t<\/div>\n\t\t<div class=\"column-1_1\">\n\t\t\t<p><span class=\"style-line\"><span class=\"wpcf7-form-control-wrap\" data-name=\"subject\"><textarea cols=\"40\" rows=\"10\" class=\"wpcf7-form-control wpcf7-textarea wpcf7-validates-as-required\" aria-required=\"true\" aria-invalid=\"false\" placeholder=\"Assunto*\" name=\"subject\"><\/textarea><\/span><\/span>\n\t\t\t<\/p>\n\t\t<\/div>\n\t<\/div>\n\t<p><input class=\"wpcf7-form-control has-spinner wpcf7-submit\" type=\"submit\" value=\"Enviar\" \/>\n\t<\/p>\n<\/div><div class=\"wpcf7-response-output\" aria-hidden=\"true\"><\/div>\n<input type=\"hidden\" name=\"trp-form-language\" value=\"pt\"\/><\/form>\n<\/div>\n<\/div>\n\t\t\t\t<\/div>\n\t\t\t\t<\/div>\n\t\t\t\t<div class=\"elementor-element elementor-element-32ac8a5 sc_fly_static elementor-widget elementor-widget-text-editor\" data-id=\"32ac8a5\" data-element_type=\"widget\" data-widget_type=\"text-editor.default\">\n\t\t\t\t<div class=\"elementor-widget-container\">\n\t\t\t\t\t\t\t\t<div class=\"elementor-text-editor elementor-clearfix\">\n\t\t\t\t<ul><li>Remeter uma carta, com a indica\u00e7\u00e3o de \u201cconfidencial\u201d, para o seguinte endere\u00e7o postal:<br \/>NEVES &amp; COMPANHIA LDA<p>Rua de Santo Amaro, 1079<br \/>4835-209 Polvoreira \u2013 Guimar\u00e3es<\/p><\/li><\/ul><p>Est\u00e3o exclu\u00eddas do \u00e2mbito de aplica\u00e7\u00e3o do presente canal de den\u00fancia as reclama\u00e7\u00f5es, nomeadamente as relacionadas com o servi\u00e7o ao cliente e produtos comercializados, as quais devem ser apresentadas diretamente \u00e0 empresa atrav\u00e9s dos contactos dispon\u00edveis.<\/p>\t\t\t\t\t<\/div>\n\t\t\t\t\t\t<\/div>\n\t\t\t\t<\/div>\n\t\t\t\t\t\t<\/div>\n\t\t\t\t\t<\/div>\n\t\t<\/div>\n\t\t\t\t\t\t\t\t<\/div>\n\t\t\t\t\t<\/div>\n\t\t<\/section>\n\t\t\t\t\t\t\t\t\t<\/div>\n\t\t\t<\/div>\n\t\t\t\t\t<\/div>","protected":false},"excerpt":{"rendered":"<p>Whistleblowing Channel (Law n\u00ba93\/2021) The company NEVES &amp; COMPANHIA, LDA provides an Whistleblowing Channel, where irregularities, inappropriate conduct or non-compliance with internal rules can be reported. The reporting channel may&hellip;<\/p>","protected":false},"author":1,"featured_media":0,"parent":0,"menu_order":0,"comment_status":"closed","ping_status":"closed","template":"","meta":{"footnotes":""},"class_list":["post-21244","page","type-page","status-publish","hentry"],"yoast_head":"<!-- This site is optimized with the Yoast SEO plugin v20.3 - https:\/\/yoast.com\/wordpress\/plugins\/seo\/ -->\n<title>Whistleblowing Channel - Coltec<\/title>\n<meta name=\"robots\" content=\"index, follow, max-snippet:-1, max-image-preview:large, max-video-preview:-1\" \/>\n<link rel=\"canonical\" href=\"https:\/\/coltec.pt\/pt\/canal-denuncia\/\" \/>\n<meta property=\"og:locale\" content=\"pt_PT\" \/>\n<meta property=\"og:type\" content=\"article\" \/>\n<meta property=\"og:title\" content=\"Whistleblowing Channel - Coltec\" \/>\n<meta property=\"og:description\" content=\"Whistleblowing Channel (Law n\u00ba93\/2021) The company NEVES &amp; COMPANHIA, LDA provides an Whistleblowing Channel, where irregularities, inappropriate conduct or non-compliance with internal rules can be reported. The reporting channel may&hellip;\" \/>\n<meta property=\"og:url\" content=\"https:\/\/coltec.pt\/pt\/canal-denuncia\/\" \/>\n<meta property=\"og:site_name\" content=\"Coltec\" \/>\n<meta property=\"article:publisher\" content=\"https:\/\/www.facebook.com\/coltec.innovation\/\" \/>\n<meta property=\"article:modified_time\" content=\"2024-02-08T09:30:39+00:00\" \/>\n<meta name=\"twitter:card\" content=\"summary_large_image\" \/>\n<meta name=\"twitter:label1\" content=\"Tempo estimado de leitura\" \/>\n\t<meta name=\"twitter:data1\" content=\"1 minuto\" \/>\n<script type=\"application\/ld+json\" class=\"yoast-schema-graph\">{\"@context\":\"https:\/\/schema.org\",\"@graph\":[{\"@type\":\"WebPage\",\"@id\":\"https:\/\/coltec.pt\/whistleblowing-channel\/\",\"url\":\"https:\/\/coltec.pt\/whistleblowing-channel\/\",\"name\":\"Whistleblowing Channel - Coltec\",\"isPartOf\":{\"@id\":\"https:\/\/coltec.pt\/#website\"},\"datePublished\":\"2024-01-29T12:53:42+00:00\",\"dateModified\":\"2024-02-08T09:30:39+00:00\",\"breadcrumb\":{\"@id\":\"https:\/\/coltec.pt\/whistleblowing-channel\/#breadcrumb\"},\"inLanguage\":\"pt-PT\",\"potentialAction\":[{\"@type\":\"ReadAction\",\"target\":[\"https:\/\/coltec.pt\/whistleblowing-channel\/\"]}]},{\"@type\":\"BreadcrumbList\",\"@id\":\"https:\/\/coltec.pt\/whistleblowing-channel\/#breadcrumb\",\"itemListElement\":[{\"@type\":\"ListItem\",\"position\":1,\"name\":\"Home\",\"item\":\"https:\/\/coltec.pt\/\"},{\"@type\":\"ListItem\",\"position\":2,\"name\":\"Whistleblowing Channel\"}]},{\"@type\":\"WebSite\",\"@id\":\"https:\/\/coltec.pt\/#website\",\"url\":\"https:\/\/coltec.pt\/\",\"name\":\"Coltec\",\"description\":\"House of Innovation\",\"publisher\":{\"@id\":\"https:\/\/coltec.pt\/#organization\"},\"potentialAction\":[{\"@type\":\"SearchAction\",\"target\":{\"@type\":\"EntryPoint\",\"urlTemplate\":\"https:\/\/coltec.pt\/?s={search_term_string}\"},\"query-input\":\"required name=search_term_string\"}],\"inLanguage\":\"pt-PT\"},{\"@type\":\"Organization\",\"@id\":\"https:\/\/coltec.pt\/#organization\",\"name\":\"Coltec\",\"url\":\"https:\/\/coltec.pt\/\",\"logo\":{\"@type\":\"ImageObject\",\"inLanguage\":\"pt-PT\",\"@id\":\"https:\/\/coltec.pt\/#\/schema\/logo\/image\/\",\"url\":\"https:\/\/coltec.pt\/wp-content\/uploads\/2022\/03\/logo-small.png\",\"contentUrl\":\"https:\/\/coltec.pt\/wp-content\/uploads\/2022\/03\/logo-small.png\",\"width\":172,\"height\":49,\"caption\":\"Coltec\"},\"image\":{\"@id\":\"https:\/\/coltec.pt\/#\/schema\/logo\/image\/\"},\"sameAs\":[\"https:\/\/www.facebook.com\/coltec.innovation\/\",\"https:\/\/pt.linkedin.com\/company\/coltec\",\"https:\/\/www.instagram.com\/coltec.pt\/\"]}]}<\/script>\n<!-- \/ Yoast SEO plugin. -->","yoast_head_json":{"title":"Whistleblowing Channel - Coltec","robots":{"index":"index","follow":"follow","max-snippet":"max-snippet:-1","max-image-preview":"max-image-preview:large","max-video-preview":"max-video-preview:-1"},"canonical":"https:\/\/coltec.pt\/pt\/canal-denuncia\/","og_locale":"pt_PT","og_type":"article","og_title":"Whistleblowing Channel - Coltec","og_description":"Whistleblowing Channel (Law n\u00ba93\/2021) The company NEVES &amp; COMPANHIA, LDA provides an Whistleblowing Channel, where irregularities, inappropriate conduct or non-compliance with internal rules can be reported. The reporting channel may&hellip;","og_url":"https:\/\/coltec.pt\/pt\/canal-denuncia\/","og_site_name":"Coltec","article_publisher":"https:\/\/www.facebook.com\/coltec.innovation\/","article_modified_time":"2024-02-08T09:30:39+00:00","twitter_card":"summary_large_image","twitter_misc":{"Tempo estimado de leitura":"1 minuto"},"schema":{"@context":"https:\/\/schema.org","@graph":[{"@type":"WebPage","@id":"https:\/\/coltec.pt\/whistleblowing-channel\/","url":"https:\/\/coltec.pt\/whistleblowing-channel\/","name":"Whistleblowing Channel - Coltec","isPartOf":{"@id":"https:\/\/coltec.pt\/#website"},"datePublished":"2024-01-29T12:53:42+00:00","dateModified":"2024-02-08T09:30:39+00:00","breadcrumb":{"@id":"https:\/\/coltec.pt\/whistleblowing-channel\/#breadcrumb"},"inLanguage":"pt-PT","potentialAction":[{"@type":"ReadAction","target":["https:\/\/coltec.pt\/whistleblowing-channel\/"]}]},{"@type":"BreadcrumbList","@id":"https:\/\/coltec.pt\/whistleblowing-channel\/#breadcrumb","itemListElement":[{"@type":"ListItem","position":1,"name":"Home","item":"https:\/\/coltec.pt\/"},{"@type":"ListItem","position":2,"name":"Whistleblowing Channel"}]},{"@type":"WebSite","@id":"https:\/\/coltec.pt\/#website","url":"https:\/\/coltec.pt\/","name":"Coltec","description":"House of Innovation","publisher":{"@id":"https:\/\/coltec.pt\/#organization"},"potentialAction":[{"@type":"SearchAction","target":{"@type":"EntryPoint","urlTemplate":"https:\/\/coltec.pt\/?s={search_term_string}"},"query-input":"required name=search_term_string"}],"inLanguage":"pt-PT"},{"@type":"Organization","@id":"https:\/\/coltec.pt\/#organization","name":"Coltec","url":"https:\/\/coltec.pt\/","logo":{"@type":"ImageObject","inLanguage":"pt-PT","@id":"https:\/\/coltec.pt\/#\/schema\/logo\/image\/","url":"https:\/\/coltec.pt\/wp-content\/uploads\/2022\/03\/logo-small.png","contentUrl":"https:\/\/coltec.pt\/wp-content\/uploads\/2022\/03\/logo-small.png","width":172,"height":49,"caption":"Coltec"},"image":{"@id":"https:\/\/coltec.pt\/#\/schema\/logo\/image\/"},"sameAs":["https:\/\/www.facebook.com\/coltec.innovation\/","https:\/\/pt.linkedin.com\/company\/coltec","https:\/\/www.instagram.com\/coltec.pt\/"]}]}},"_links":{"self":[{"href":"https:\/\/coltec.pt\/pt\/wp-json\/wp\/v2\/pages\/21244","targetHints":{"allow":["GET"]}}],"collection":[{"href":"https:\/\/coltec.pt\/pt\/wp-json\/wp\/v2\/pages"}],"about":[{"href":"https:\/\/coltec.pt\/pt\/wp-json\/wp\/v2\/types\/page"}],"author":[{"embeddable":true,"href":"https:\/\/coltec.pt\/pt\/wp-json\/wp\/v2\/users\/1"}],"replies":[{"embeddable":true,"href":"https:\/\/coltec.pt\/pt\/wp-json\/wp\/v2\/comments?post=21244"}],"version-history":[{"count":14,"href":"https:\/\/coltec.pt\/pt\/wp-json\/wp\/v2\/pages\/21244\/revisions"}],"predecessor-version":[{"id":21259,"href":"https:\/\/coltec.pt\/pt\/wp-json\/wp\/v2\/pages\/21244\/revisions\/21259"}],"wp:attachment":[{"href":"https:\/\/coltec.pt\/pt\/wp-json\/wp\/v2\/media?parent=21244"}],"curies":[{"name":"wp","href":"https:\/\/api.w.org\/{rel}","templated":true}]}}